{"id":11,"date":"2017-07-30T14:54:13","date_gmt":"2017-07-30T12:54:13","guid":{"rendered":"https:\/\/schlossinsellauf.de\/?page_id=11"},"modified":"2024-06-01T11:32:33","modified_gmt":"2024-06-01T09:32:33","slug":"impressum","status":"publish","type":"page","link":"https:\/\/schlossinsellauf.de\/index.php\/impressum\/","title":{"rendered":"Impressum"},"content":{"rendered":"<h5 align=\"center\">Inhaltlich Verantwortlicher gem\u00e4\u00df \u00a7 55 Rundfunkstaatsvertrag:<\/h5>\n<p style=\"text-align: center;\">Evangelischer Schulverein L\u00fcbben e.V.<br \/>\nBerliner Stra\u00dfe 21<br \/>\n15907 L\u00fcbben (Spreewald)<br \/>\nTelefon: 03546 226503<br \/>\nFax: 03546 226745<br \/>\nEmail: vorstand[at]ev-schulverein-luebben.de<\/p>\n<p><img loading=\"lazy\" decoding=\"async\" class=\"aligncenter size-thumbnail wp-image-1705\" src=\"https:\/\/schlossinsellauf.de\/wp-content\/uploads\/2018\/10\/logo_evangelischer_schulverein-150x150.png\" alt=\"\" width=\"150\" height=\"150\" srcset=\"https:\/\/schlossinsellauf.de\/wp-content\/uploads\/2018\/10\/logo_evangelischer_schulverein-150x150.png 150w, https:\/\/schlossinsellauf.de\/wp-content\/uploads\/2018\/10\/logo_evangelischer_schulverein-90x90.png 90w, https:\/\/schlossinsellauf.de\/wp-content\/uploads\/2018\/10\/logo_evangelischer_schulverein-75x75.png 75w\" sizes=\"auto, (max-width: 150px) 100vw, 150px\" \/><\/p>\n<h5 align=\"center\">Vorstand des Evangelischen Schulvereins L\u00fcbben e.V.<\/h5>\n<p style=\"text-align: center;\">Martin L\u00e4chelt (1. Vorsitzender)<br \/>\nViktoria Lehmann (2. Vorsitzende)<br \/>\nAndreas Benecke (Schatzmeister)<br \/>\nLoreen Leichner (Vorstandsmitglied)<br \/>\nGerrit Vergeer (Vorstandsmitglied)<\/p>\n<h5 style=\"text-align: center;\">Der Evangelische Schulverein L\u00fcbben e.V. ist F\u00f6rderverein der&nbsp;<\/h5>\n<p><a href=\"https:\/\/ev-grundschule-l\u00fcbben.de\" target=\"_blank\" rel=\"noopener\"> <img loading=\"lazy\" decoding=\"async\" class=\"aligncenter wp-image-1699 size-medium\" src=\"https:\/\/schlossinsellauf.de\/wp-content\/uploads\/2018\/10\/logo_full_xl-300x241.png\" alt=\"\" width=\"300\" height=\"241\" srcset=\"https:\/\/schlossinsellauf.de\/wp-content\/uploads\/2018\/10\/logo_full_xl-300x241.png 300w, https:\/\/schlossinsellauf.de\/wp-content\/uploads\/2018\/10\/logo_full_xl-768x617.png 768w, https:\/\/schlossinsellauf.de\/wp-content\/uploads\/2018\/10\/logo_full_xl.png 800w\" sizes=\"auto, (max-width: 300px) 100vw, 300px\" \/><\/a><\/p>\n<h5 style=\"text-align: center;\">Betreiber der Webseite<\/h5>\n<p style=\"text-align: center;\"><strong>Andy Dunkel &amp; Daniel Iwer GbR<\/strong><br \/>\nGartenstra\u00dfe 12a<br \/>\n15907 L\u00fcbben (Spreewald)<\/p>\n<p style=\"text-align: center;\">Telefax: +49 3546 2264273<br \/>\nTelefon: +49 176 93748280<\/p>\n<p style=\"text-align: center;\">E-Mail:<a href=\"mailto:info@ekiwi.de\"> info@ekiwi.de<\/a><\/p>\n<p style=\"text-align: center;\">Vertretungsberechtigte Gesellschafter: <a href=\"mailto:andy.dunkel@ekiwi.de\">Andy<br \/>\nDunkel<\/a> und <a href=\"mailto:daniel.iwer@ekiwi.de\">Daniel Iwer<\/a><\/p>\n<p style=\"text-align: center;\"><a href=\"https:\/\/ekiwi.de\/datenschutzerklaerung.htm\" target=\"_blank\" rel=\"noopener\">Datenschutzerkl\u00e4rung<\/a><\/p>\n<p style=\"text-align: center;\"><strong>Wichtige Hinweise\/Disclaimer:<\/strong><br \/>\nWir \u00fcbernehmen keine Haftung f\u00fcr den Inhalt der in dieser Website publizierten Hyperlinks. Die inhaltliche Verantwortung dieser externen Angebote liegt ausschlie\u00dflich bei den Betreibern des jeweiligen Angebotes. Wir distanzieren uns hierdurch ausdr\u00fccklich von s\u00e4mtlichen, insbesondere von m\u00f6glicherweise wettbewerbswidrigen, strafbaren oder sittenwidrigen Inhalten anderer Sites, auf die wir verweisen. Alle Inhalte dieser Seiten sind urheberrechtlich gesch\u00fctzt und d\u00fcrfen weder reproduziert noch wiederverwendet oder f\u00fcr gewerbliche Zwecke verwendet werden. Haftungsausschluss: F\u00fcr den Fall, dass auf unserer Website unzutreffende Informationen ver\u00f6ffentlicht oder in Programmen oder Datenbanken Fehler enthalten sein sollten, kommt eine Haftung nur bei grober Fahrl\u00e4ssigkeit in Betracht.<\/p>\n<hr>\n<p>Inhaltlich Verantwortlicher gem. \u00a7 18 Abs. 2 MStV: Andy Dunkel; Elbinger Str. 2; 87600 Kaufbeuren<span style=\"font-weight: bold; font-style: italic;\"><br \/>\n<\/span><\/p>\n","protected":false},"excerpt":{"rendered":"<p>Inhaltlich Verantwortlicher gem\u00e4\u00df \u00a7 55 Rundfunkstaatsvertrag: Evangelischer Schulverein L\u00fcbben e.V. Berliner Stra\u00dfe 21 15907 L\u00fcbben (Spreewald) Telefon: 03546 226503 Fax: 03546 226745 Email: vorstand[at]ev-schulverein-luebben.de Vorstand des Evangelischen Schulvereins L\u00fcbben e.V. Martin L\u00e4chelt (1. Vorsitzender) Viktoria Lehmann (2. Vorsitzende) Andreas Benecke (Schatzmeister) Loreen Leichner (Vorstandsmitglied) Gerrit Vergeer (Vorstandsmitglied) Der Evangelische Schulverein L\u00fcbben e.V. ist F\u00f6rderverein der&nbsp; Betreiber der Webseite Andy Dunkel<\/p>\n","protected":false},"author":1,"featured_media":177,"parent":0,"menu_order":9,"comment_status":"closed","ping_status":"closed","template":"","meta":{"ngg_post_thumbnail":0,"footnotes":"","_links_to":"","_links_to_target":""},"class_list":["post-11","page","type-page","status-publish","has-post-thumbnail","hentry"],"_links":{"self":[{"href":"https:\/\/schlossinsellauf.de\/index.php\/wp-json\/wp\/v2\/pages\/11","targetHints":{"allow":["GET"]}}],"collection":[{"href":"https:\/\/schlossinsellauf.de\/index.php\/wp-json\/wp\/v2\/pages"}],"about":[{"href":"https:\/\/schlossinsellauf.de\/index.php\/wp-json\/wp\/v2\/types\/page"}],"author":[{"embeddable":true,"href":"https:\/\/schlossinsellauf.de\/index.php\/wp-json\/wp\/v2\/users\/1"}],"replies":[{"embeddable":true,"href":"https:\/\/schlossinsellauf.de\/index.php\/wp-json\/wp\/v2\/comments?post=11"}],"version-history":[{"count":12,"href":"https:\/\/schlossinsellauf.de\/index.php\/wp-json\/wp\/v2\/pages\/11\/revisions"}],"predecessor-version":[{"id":4400,"href":"https:\/\/schlossinsellauf.de\/index.php\/wp-json\/wp\/v2\/pages\/11\/revisions\/4400"}],"wp:featuredmedia":[{"embeddable":true,"href":"https:\/\/schlossinsellauf.de\/index.php\/wp-json\/wp\/v2\/media\/177"}],"wp:attachment":[{"href":"https:\/\/schlossinsellauf.de\/index.php\/wp-json\/wp\/v2\/media?parent=11"}],"curies":[{"name":"wp","href":"https:\/\/api.w.org\/{rel}","templated":true}]}}