{"id":17,"date":"2017-07-30T17:37:48","date_gmt":"2017-07-30T15:37:48","guid":{"rendered":"https:\/\/schlossinsellauf.de\/?page_id=17"},"modified":"2026-02-01T09:59:09","modified_gmt":"2026-02-01T08:59:09","slug":"anmeldung","status":"publish","type":"page","link":"https:\/\/schlossinsellauf.de\/index.php\/anmeldung\/","title":{"rendered":"Anmeldung"},"content":{"rendered":"<p><!--<em><span style=\"font-family: 'Arial',sans-serif; color: #333333;\">Die Anmeldung f\u00fcr die Veranstaltung 2026 \u00f6ffnet am 01.02.2026.<\/span><\/em>--><\/p>\n<p>\u00dcber diese Seite k\u00f6nnen Sie sich f\u00fcr den Lauf in 2026 anmelden.<\/p>\n<p>Die <strong>Einzelanmeldung<\/strong> ist \u00fcber die unten eingef\u00fcgte Anmeldemaske ab 01.02.2026 oder direkt \u00fcber die Zeitmessfirma m\u00f6glich. Beachtet dabei die M\u00f6glichkeit der <strong>Sammelanmeldung<\/strong>, die Staffelung der Anmeldegeb\u00fchren und die Teilnahmeberechtigungen entsprechend dem Geburtsjahrgang!<\/p>\n<p>Eine Anmeldung ist verbindlich und nicht stornierbar. Die Geb\u00fchren werden sofort f\u00e4llig und werden in jedem Fall durch unseren Dienstleister <em>Sport Service Falkensee<\/em> zeitversetzt zu festgelegten Terminen eingezogen.<\/p>\n<p>Es gilt ein <strong>Gesamtteilnehmerlimit<\/strong> von&nbsp;<u>1000 Startern<\/u>!<\/p>\n<div style=\"overflow-x: auto; background-color: #e5e5e5;\">\n<table class=\"table\" style=\"border-color: black !important; height: 720px;\" width=\"907\">\n<thead class=\"thead-dark\">\n<tr>\n<th style=\"background-color: #40b0ef;\" scope=\"col\">Strecke<\/th>\n<th style=\"background-color: #f8bf1d;\" scope=\"col\">teilnahme-<br \/>\nberechtigt<\/th>\n<th style=\"background-color: #98cf51;\" scope=\"col\">Start-<br \/>\ngeb\u00fchr<br \/>\nbis 07.06.2026<\/th>\n<th style=\"background-color: #fdff1d;\" scope=\"col\">Startgeb\u00fchr<br \/>\nab 08.06.2026<br \/>\nbis 18.06.2026<\/th>\n<th style=\"background-color: #f3141d;\" scope=\"col\">Nachmeldung<br \/>\n20.06.2026<br \/>\nbis 21.06.2026<\/th>\n<\/tr>\n<\/thead>\n<tbody>\n<tr>\n<td style=\"background-color: #40b0ef;\" scope=\"row\"><b>550m<br \/>\nBambini<br \/>\n<\/b><\/td>\n<td style=\"background-color: #f8bf1d;\">Jahrgang<br \/>\nbis 2021<\/td>\n<td style=\"background-color: #98cf51;\">2,00 \u20ac<\/td>\n<td style=\"background-color: #fdff1d;\">7,00 \u20ac<\/td>\n<td style=\"background-color: #f3141d;\">13,00 \u20ac<\/td>\n<\/tr>\n<tr>\n<td style=\"background-color: #40b0ef;\" scope=\"row\"><b>1100m<\/b><\/td>\n<td style=\"background-color: #f8bf1d;\">Jahrgang<br \/>\n2020-2017<\/td>\n<td style=\"background-color: #98cf51;\">2,00 \u20ac<\/td>\n<td style=\"background-color: #fdff1d;\">7,00 \u20ac<\/td>\n<td style=\"background-color: #f3141d;\">13,00 \u20ac<\/td>\n<\/tr>\n<tr>\n<td style=\"background-color: #40b0ef;\" scope=\"row\"><b>2200m<\/b><\/td>\n<td style=\"background-color: #f8bf1d;\">Jahrgang<br \/>\n2016-2009<\/td>\n<td style=\"background-color: #98cf51;\">2,00 \u20ac<\/td>\n<td style=\"background-color: #fdff1d;\">7,00 \u20ac<\/td>\n<td style=\"background-color: #f3141d;\">13,00 \u20ac<\/td>\n<\/tr>\n<tr>\n<td style=\"background-color: #40b0ef;\" scope=\"row\"><b>5 km<br \/>\nrun or walk<br \/>\n<\/b><\/td>\n<td style=\"background-color: #f8bf1d;\">Jahrgang<br \/>\n2016 und \u00e4lter<\/td>\n<td style=\"background-color: #98cf51;\">10,00 \u20ac<\/td>\n<td style=\"background-color: #fdff1d;\">15,00 \u20ac<\/td>\n<td style=\"background-color: #f3141d;\">20,00 \u20ac<\/td>\n<\/tr>\n<tr>\n<td style=\"background-color: #40b0ef;\" scope=\"row\"><b>10 km<br \/>\n<\/b><strong>run or walk<\/strong><\/td>\n<td style=\"background-color: #f8bf1d;\">Jahrgang<br \/>\n2012 und \u00e4lter<\/td>\n<td style=\"background-color: #98cf51;\">15,00 \u20ac<\/td>\n<td style=\"background-color: #fdff1d;\">20,00 \u20ac<\/td>\n<td style=\"background-color: #f3141d;\">25,00 \u20ac<\/td>\n<\/tr>\n<tr>\n<td style=\"background-color: #40b0ef;\" scope=\"row\"><b>Halbmarathon<\/b><\/td>\n<td style=\"background-color: #f8bf1d;\">Jahrgang<br \/>\n2010 und \u00e4lter<\/td>\n<td style=\"background-color: #98cf51;\">20,00 \u20ac<\/td>\n<td style=\"background-color: #fdff1d;\">25,00 \u20ac<\/td>\n<td style=\"background-color: #f3141d;\">30,00 \u20ac<\/td>\n<\/tr>\n<tr>\n<td style=\"background-color: #40b0ef;\" scope=\"row\"><b>Halbmarathon<br \/>\nrun&amp;bike<br \/>\n<\/b><\/td>\n<td style=\"background-color: #f8bf1d;\">Jahrgang<br \/>\n2012 und \u00e4lter<\/td>\n<td style=\"background-color: #98cf51;\">je Teilnehmer<br \/>\n15,00 \u20ac<\/td>\n<td style=\"background-color: #fdff1d;\">je Teilnehmer<br \/>\n20,00 \u20ac<\/td>\n<td style=\"background-color: #f3141d;\">je Teilnehmer<br \/>\n25,00 \u20ac<\/td>\n<\/tr>\n<\/tbody>\n<\/table>\n<\/div>\n<h3 id=\"Anmeldemaske\">Anmeldeformular Einzelanmeldung<\/h3>\n<p><!--<span style=\"color: #ff0000;\"><strong>Schlossinsellauf 2025 - SOLD OUT \u2013 AUSVERKAUFT!<\/strong><\/span>\n<em>In diesem Jahr ist die Teilnehmerliste gef\u00fcllt \u2013 mehr geht in diesem Jahr leider nicht.<\/em>\n<em>Die Anmeldung f\u00fcr die Veranstaltung im kommenden Jahr \u00f6ffnet am 01.02.2026.<\/em>--><\/p>\n<p><!--Hier erscheint das Anmeldeformular, sobald dieses freigeschaltet ist.--><br \/>\nNutzen Sie folgendes Formular f\u00fcr die Einzelanmeldung. Das Formular ist auch <a href=\"https:\/\/www.strassenlauf.org\/va_anmeldung.php?id=941&amp;match=&amp;regname=Einzel-Anmeldung\" target=\"_blank target=\" rel=\"noopener noreferrer\">direkt \u00fcber die Zeitmessfirma aufrufbar<\/a>. F\u00fcr die Anmeldung mehrerer Personen, <strong>Gruppen, Vereinen<\/strong> <a href=\"https:\/\/www.strassenlauf.org\/va_anmeldung.php?id=941&amp;match=&amp;regname=Sammel-Anmeldung\" target=\"_blank target=\" rel=\"noopener noreferrer\">nutzen Sie die <strong>Sammelanmeldung<\/strong><\/a>.<\/p>\n<p><center><iframe loading=\"lazy\" style=\"border: 0px #ffffff none;\" src=\"https:\/\/www.strassenlauf.org\/va_anmeldung.php?id=941&amp;match=&amp;regname=Einzel-Anmeldung\" name=\"myiFrame\" width=\"100%\" height=\"2300px\" frameborder=\"0\" marginwidth=\"0px\" marginheight=\"0px\" scrolling=\"yes\"><\/iframe><\/center><\/p>\n","protected":false},"excerpt":{"rendered":"<p>\u00dcber diese Seite k\u00f6nnen Sie sich f\u00fcr den Lauf in 2026 anmelden. Die Einzelanmeldung ist \u00fcber die unten eingef\u00fcgte Anmeldemaske ab 01.02.2026 oder direkt \u00fcber die Zeitmessfirma m\u00f6glich. Beachtet dabei die M\u00f6glichkeit der Sammelanmeldung, die Staffelung der Anmeldegeb\u00fchren und die Teilnahmeberechtigungen entsprechend dem Geburtsjahrgang! Eine Anmeldung ist verbindlich und nicht stornierbar. Die Geb\u00fchren werden sofort f\u00e4llig und werden in jedem<\/p>\n","protected":false},"author":2,"featured_media":2439,"parent":0,"menu_order":2,"comment_status":"closed","ping_status":"closed","template":"","meta":{"ngg_post_thumbnail":0,"footnotes":"","_links_to":"","_links_to_target":""},"class_list":["post-17","page","type-page","status-publish","has-post-thumbnail","hentry"],"_links":{"self":[{"href":"https:\/\/schlossinsellauf.de\/index.php\/wp-json\/wp\/v2\/pages\/17","targetHints":{"allow":["GET"]}}],"collection":[{"href":"https:\/\/schlossinsellauf.de\/index.php\/wp-json\/wp\/v2\/pages"}],"about":[{"href":"https:\/\/schlossinsellauf.de\/index.php\/wp-json\/wp\/v2\/types\/page"}],"author":[{"embeddable":true,"href":"https:\/\/schlossinsellauf.de\/index.php\/wp-json\/wp\/v2\/users\/2"}],"replies":[{"embeddable":true,"href":"https:\/\/schlossinsellauf.de\/index.php\/wp-json\/wp\/v2\/comments?post=17"}],"version-history":[{"count":114,"href":"https:\/\/schlossinsellauf.de\/index.php\/wp-json\/wp\/v2\/pages\/17\/revisions"}],"predecessor-version":[{"id":6036,"href":"https:\/\/schlossinsellauf.de\/index.php\/wp-json\/wp\/v2\/pages\/17\/revisions\/6036"}],"wp:featuredmedia":[{"embeddable":true,"href":"https:\/\/schlossinsellauf.de\/index.php\/wp-json\/wp\/v2\/media\/2439"}],"wp:attachment":[{"href":"https:\/\/schlossinsellauf.de\/index.php\/wp-json\/wp\/v2\/media?parent=17"}],"curies":[{"name":"wp","href":"https:\/\/api.w.org\/{rel}","templated":true}]}}