{"id":24,"date":"2017-07-30T17:41:51","date_gmt":"2017-07-30T15:41:51","guid":{"rendered":"https:\/\/schlossinsellauf.de\/?page_id=24"},"modified":"2020-07-10T17:04:12","modified_gmt":"2020-07-10T15:04:12","slug":"lauftreff","status":"publish","type":"page","link":"https:\/\/schlossinsellauf.de\/index.php\/lauftreff\/","title":{"rendered":"Lauftreff"},"content":{"rendered":"<p>Wir treffen uns regelm\u00e4\u00dfig in unserer <strong>Lauf AG<\/strong> oder dem <strong>Erwachsenen-Lauftreff<\/strong> und trainieren flei\u00dfig. Unter den nachfolgenden Links erfahren Sie mehr&#8230;auch wie Sie mitmachen k\u00f6nnen, wenn wir Ihr Interesse am Laufen wecken konnten.<\/p>\n<ul>\n<li><a href=\"https:\/\/schlossinsellauf.de\/index.php\/lauftreff\/lauf-ag\/\">Lauf-AG<\/a><\/li>\n<li><a href=\"https:\/\/schlossinsellauf.de\/index.php\/lauftreff\/erwachsenen-lauftreff\/\">Erwachsenen-Lauftreff<\/a><\/li>\n<\/ul>\n","protected":false},"excerpt":{"rendered":"<p>Wir treffen uns regelm\u00e4\u00dfig in unserer Lauf AG oder dem Erwachsenen-Lauftreff und trainieren flei\u00dfig. Unter den nachfolgenden Links erfahren Sie mehr&#8230;auch wie Sie mitmachen k\u00f6nnen, wenn wir Ihr Interesse am Laufen wecken konnten. Lauf-AG Erwachsenen-Lauftreff<\/p>\n","protected":false},"author":2,"featured_media":172,"parent":0,"menu_order":5,"comment_status":"closed","ping_status":"closed","template":"","meta":{"ngg_post_thumbnail":0,"footnotes":"","_links_to":"","_links_to_target":""},"class_list":["post-24","page","type-page","status-publish","has-post-thumbnail","hentry"],"_links":{"self":[{"href":"https:\/\/schlossinsellauf.de\/index.php\/wp-json\/wp\/v2\/pages\/24","targetHints":{"allow":["GET"]}}],"collection":[{"href":"https:\/\/schlossinsellauf.de\/index.php\/wp-json\/wp\/v2\/pages"}],"about":[{"href":"https:\/\/schlossinsellauf.de\/index.php\/wp-json\/wp\/v2\/types\/page"}],"author":[{"embeddable":true,"href":"https:\/\/schlossinsellauf.de\/index.php\/wp-json\/wp\/v2\/users\/2"}],"replies":[{"embeddable":true,"href":"https:\/\/schlossinsellauf.de\/index.php\/wp-json\/wp\/v2\/comments?post=24"}],"version-history":[{"count":4,"href":"https:\/\/schlossinsellauf.de\/index.php\/wp-json\/wp\/v2\/pages\/24\/revisions"}],"predecessor-version":[{"id":2706,"href":"https:\/\/schlossinsellauf.de\/index.php\/wp-json\/wp\/v2\/pages\/24\/revisions\/2706"}],"wp:featuredmedia":[{"embeddable":true,"href":"https:\/\/schlossinsellauf.de\/index.php\/wp-json\/wp\/v2\/media\/172"}],"wp:attachment":[{"href":"https:\/\/schlossinsellauf.de\/index.php\/wp-json\/wp\/v2\/media?parent=24"}],"curies":[{"name":"wp","href":"https:\/\/api.w.org\/{rel}","templated":true}]}}