{"id":2401,"date":"2019-12-28T11:48:19","date_gmt":"2019-12-28T10:48:19","guid":{"rendered":"https:\/\/schlossinsellauf.de\/?page_id=2401"},"modified":"2026-01-17T16:06:37","modified_gmt":"2026-01-17T15:06:37","slug":"startgebuehren","status":"publish","type":"page","link":"https:\/\/schlossinsellauf.de\/index.php\/informationen\/startgebuehren\/","title":{"rendered":"Startgeb\u00fchren"},"content":{"rendered":"<p>Die Startgeb\u00fchren werden bei Anmeldung per Bankeinzugsverfahren (mit zeitlichem Verzug in Staffeln) durch den Teilnehmer sofort f\u00e4llig und gezahlt.<\/p>\n<p>Bereits gezahlte Startgeb\u00fchren werden bei erfolgter Nichtteilnahme grunds\u00e4tzlich nicht erstattet. Es kann in begr\u00fcndeten Einzelf\u00e4llen eine Teilanrechnung auf eine Teilnahmegeb\u00fchr im Folgejahr auf schriftlichen Antrag erfolgen.<\/p>\n<p>Muss eine Veranstaltung kurzfristig (weniger als drei Wochen vor dem Veranstaltungstag) aufgrund von Umwelteinfl\u00fcssen (beispielsweise extremes Wetter oder \u00dcberschwemmungen) oder epidemiologischen Faktoren abgesagt werden, besteht grunds\u00e4tzlich kein Anspruch auf R\u00fcckerstattung der Startgeb\u00fchren.<\/p>\n<p>Der Veranstalter erhebt aufgrund seiner ehrenamtlichen T\u00e4tigkeit lediglich sehr geringe Startgeb\u00fchr im Verh\u00e4ltnis zu vergleichbaren Laufwettbewerben. Jede Finanztransaktion (unrechtm\u00e4\u00dfige R\u00fcckabwicklung der Lastschrift oder geplatzte Lastschrift), die weitere Kosten f\u00fcr den Veranstalter nach sich zieht, schadet ma\u00dfgeblich der ausschlie\u00dflich gemeinn\u00fctzigen T\u00e4tigkeit vom <em>Evangelischen Schulverein L\u00fcbben e. V.<\/em>&nbsp;sowie deren Sponsoren und Partnern im Zusammenhang mit diesem Projekt.<\/p>\n<div style=\"overflow-x: auto; background-color: #e5e5e5;\">\n<table class=\"table\" style=\"border-color: black !important; height: 720px;\" width=\"907\">\n<thead class=\"thead-dark\">\n<tr>\n<th style=\"background-color: #40b0ef;\" scope=\"col\">Strecke<\/th>\n<th style=\"background-color: #f8bf1d;\" scope=\"col\">teilnahme-<br \/>\nberechtigt<\/th>\n<th style=\"background-color: #98cf51;\" scope=\"col\">Start-<br \/>\ngeb\u00fchr<br \/>\nbis 07.06.2026<\/th>\n<th style=\"background-color: #fdff1d;\" scope=\"col\">Startgeb\u00fchr<br \/>\nab 08.06.2026<br \/>\nbis 18.06.2026<\/th>\n<th style=\"background-color: #f3141d;\" scope=\"col\">Nachmeldung<br \/>\n20.06.2026<br \/>\nbis 21.06.2026<\/th>\n<\/tr>\n<\/thead>\n<tbody>\n<tr>\n<td style=\"background-color: #40b0ef;\" scope=\"row\"><b>550m<br \/>\nBambini<br \/>\n<\/b><\/td>\n<td style=\"background-color: #f8bf1d;\">Jahrgang<br \/>\nbis 2021<\/td>\n<td style=\"background-color: #98cf51;\">2,00 \u20ac<\/td>\n<td style=\"background-color: #fdff1d;\">7,00 \u20ac<\/td>\n<td style=\"background-color: #f3141d;\">13,00 \u20ac<\/td>\n<\/tr>\n<tr>\n<td style=\"background-color: #40b0ef;\" scope=\"row\"><b>1100m<\/b><\/td>\n<td style=\"background-color: #f8bf1d;\">Jahrgang<br \/>\n2020-2017<\/td>\n<td style=\"background-color: #98cf51;\">2,00 \u20ac<\/td>\n<td style=\"background-color: #fdff1d;\">7,00 \u20ac<\/td>\n<td style=\"background-color: #f3141d;\">13,00 \u20ac<\/td>\n<\/tr>\n<tr>\n<td style=\"background-color: #40b0ef;\" scope=\"row\"><b>2200m<\/b><\/td>\n<td style=\"background-color: #f8bf1d;\">Jahrgang<br \/>\n2016-2009<\/td>\n<td style=\"background-color: #98cf51;\">2,00 \u20ac<\/td>\n<td style=\"background-color: #fdff1d;\">7,00 \u20ac<\/td>\n<td style=\"background-color: #f3141d;\">13,00 \u20ac<\/td>\n<\/tr>\n<tr>\n<td style=\"background-color: #40b0ef;\" scope=\"row\"><b>5 km<br \/>\nrun or walk<br \/>\n<\/b><\/td>\n<td style=\"background-color: #f8bf1d;\">Jahrgang<br \/>\n2016 und \u00e4lter<\/td>\n<td style=\"background-color: #98cf51;\">10,00 \u20ac<\/td>\n<td style=\"background-color: #fdff1d;\">15,00 \u20ac<\/td>\n<td style=\"background-color: #f3141d;\">20,00 \u20ac<\/td>\n<\/tr>\n<tr>\n<td style=\"background-color: #40b0ef;\" scope=\"row\"><b>10 km<br \/>\n<\/b><strong>run or walk<\/strong><\/td>\n<td style=\"background-color: #f8bf1d;\">Jahrgang<br \/>\n2012 und \u00e4lter<\/td>\n<td style=\"background-color: #98cf51;\">15,00 \u20ac<\/td>\n<td style=\"background-color: #fdff1d;\">20,00 \u20ac<\/td>\n<td style=\"background-color: #f3141d;\">25,00 \u20ac<\/td>\n<\/tr>\n<tr>\n<td style=\"background-color: #40b0ef;\" scope=\"row\"><b>Halbmarathon<\/b><\/td>\n<td style=\"background-color: #f8bf1d;\">Jahrgang<br \/>\n2010 und \u00e4lter<\/td>\n<td style=\"background-color: #98cf51;\">20,00 \u20ac<\/td>\n<td style=\"background-color: #fdff1d;\">25,00 \u20ac<\/td>\n<td style=\"background-color: #f3141d;\">30,00 \u20ac<\/td>\n<\/tr>\n<tr>\n<td style=\"background-color: #40b0ef;\" scope=\"row\"><b>Halbmarathon<br \/>\nrun&amp;bike<br \/>\n<\/b><\/td>\n<td style=\"background-color: #f8bf1d;\">Jahrgang<br \/>\n2012 und \u00e4lter<\/td>\n<td style=\"background-color: #98cf51;\">je Teilnehmer<br \/>\n15,00 \u20ac<\/td>\n<td style=\"background-color: #fdff1d;\">je Teilnehmer<br \/>\n20,00 \u20ac<\/td>\n<td style=\"background-color: #f3141d;\">je Teilnehmer<br \/>\n25,00 \u20ac<\/td>\n<\/tr>\n<\/tbody>\n<\/table>\n<\/div>\n","protected":false},"excerpt":{"rendered":"<p>Die Startgeb\u00fchren werden bei Anmeldung per Bankeinzugsverfahren (mit zeitlichem Verzug in Staffeln) durch den Teilnehmer sofort f\u00e4llig und gezahlt. Bereits gezahlte Startgeb\u00fchren werden bei erfolgter Nichtteilnahme grunds\u00e4tzlich nicht erstattet. Es kann in begr\u00fcndeten Einzelf\u00e4llen eine Teilanrechnung auf eine Teilnahmegeb\u00fchr im Folgejahr auf schriftlichen Antrag erfolgen. Muss eine Veranstaltung kurzfristig (weniger als drei Wochen vor dem Veranstaltungstag) aufgrund von Umwelteinfl\u00fcssen (beispielsweise<\/p>\n","protected":false},"author":2,"featured_media":2535,"parent":812,"menu_order":0,"comment_status":"closed","ping_status":"closed","template":"","meta":{"ngg_post_thumbnail":0,"footnotes":"","_links_to":"","_links_to_target":""},"class_list":["post-2401","page","type-page","status-publish","has-post-thumbnail","hentry"],"_links":{"self":[{"href":"https:\/\/schlossinsellauf.de\/index.php\/wp-json\/wp\/v2\/pages\/2401","targetHints":{"allow":["GET"]}}],"collection":[{"href":"https:\/\/schlossinsellauf.de\/index.php\/wp-json\/wp\/v2\/pages"}],"about":[{"href":"https:\/\/schlossinsellauf.de\/index.php\/wp-json\/wp\/v2\/types\/page"}],"author":[{"embeddable":true,"href":"https:\/\/schlossinsellauf.de\/index.php\/wp-json\/wp\/v2\/users\/2"}],"replies":[{"embeddable":true,"href":"https:\/\/schlossinsellauf.de\/index.php\/wp-json\/wp\/v2\/comments?post=2401"}],"version-history":[{"count":20,"href":"https:\/\/schlossinsellauf.de\/index.php\/wp-json\/wp\/v2\/pages\/2401\/revisions"}],"predecessor-version":[{"id":5998,"href":"https:\/\/schlossinsellauf.de\/index.php\/wp-json\/wp\/v2\/pages\/2401\/revisions\/5998"}],"up":[{"embeddable":true,"href":"https:\/\/schlossinsellauf.de\/index.php\/wp-json\/wp\/v2\/pages\/812"}],"wp:featuredmedia":[{"embeddable":true,"href":"https:\/\/schlossinsellauf.de\/index.php\/wp-json\/wp\/v2\/media\/2535"}],"wp:attachment":[{"href":"https:\/\/schlossinsellauf.de\/index.php\/wp-json\/wp\/v2\/media?parent=2401"}],"curies":[{"name":"wp","href":"https:\/\/api.w.org\/{rel}","templated":true}]}}