{"id":2407,"date":"2019-12-26T11:23:05","date_gmt":"2019-12-26T10:23:05","guid":{"rendered":"https:\/\/schlossinsellauf.de\/?page_id=2407"},"modified":"2019-12-28T11:50:53","modified_gmt":"2019-12-28T10:50:53","slug":"zeitlimit-halbmarathon","status":"publish","type":"page","link":"https:\/\/schlossinsellauf.de\/index.php\/informationen\/zeitlimit-halbmarathon\/","title":{"rendered":"Zeitlimit Halbmarathon"},"content":{"rendered":"<p>Aus organisatorischen Gr\u00fcnden m\u00fcssen wir f\u00fcr den&nbsp; Halbmarathon ein Zeitlimit einf\u00fchren.<\/p>\n<p><strong>3 Stunden ist absoluter Zielschluss!!<\/strong><\/p>\n<p>Wer um 12:55 Uhr den Verpflegungspunkt bei 15 km nicht erreicht hat, wird aus dem Rennen genommen.<\/p>\n","protected":false},"excerpt":{"rendered":"<p>Aus organisatorischen Gr\u00fcnden m\u00fcssen wir f\u00fcr den&nbsp; Halbmarathon ein Zeitlimit einf\u00fchren. 3 Stunden ist absoluter Zielschluss!! Wer um 12:55 Uhr den Verpflegungspunkt bei 15 km nicht erreicht hat, wird aus dem Rennen genommen.<\/p>\n","protected":false},"author":2,"featured_media":2526,"parent":812,"menu_order":0,"comment_status":"closed","ping_status":"closed","template":"","meta":{"ngg_post_thumbnail":0,"footnotes":"","_links_to":"","_links_to_target":""},"class_list":["post-2407","page","type-page","status-publish","has-post-thumbnail","hentry"],"_links":{"self":[{"href":"https:\/\/schlossinsellauf.de\/index.php\/wp-json\/wp\/v2\/pages\/2407","targetHints":{"allow":["GET"]}}],"collection":[{"href":"https:\/\/schlossinsellauf.de\/index.php\/wp-json\/wp\/v2\/pages"}],"about":[{"href":"https:\/\/schlossinsellauf.de\/index.php\/wp-json\/wp\/v2\/types\/page"}],"author":[{"embeddable":true,"href":"https:\/\/schlossinsellauf.de\/index.php\/wp-json\/wp\/v2\/users\/2"}],"replies":[{"embeddable":true,"href":"https:\/\/schlossinsellauf.de\/index.php\/wp-json\/wp\/v2\/comments?post=2407"}],"version-history":[{"count":1,"href":"https:\/\/schlossinsellauf.de\/index.php\/wp-json\/wp\/v2\/pages\/2407\/revisions"}],"predecessor-version":[{"id":2408,"href":"https:\/\/schlossinsellauf.de\/index.php\/wp-json\/wp\/v2\/pages\/2407\/revisions\/2408"}],"up":[{"embeddable":true,"href":"https:\/\/schlossinsellauf.de\/index.php\/wp-json\/wp\/v2\/pages\/812"}],"wp:featuredmedia":[{"embeddable":true,"href":"https:\/\/schlossinsellauf.de\/index.php\/wp-json\/wp\/v2\/media\/2526"}],"wp:attachment":[{"href":"https:\/\/schlossinsellauf.de\/index.php\/wp-json\/wp\/v2\/media?parent=2407"}],"curies":[{"name":"wp","href":"https:\/\/api.w.org\/{rel}","templated":true}]}}