{"id":2418,"date":"2019-11-24T11:25:16","date_gmt":"2019-11-24T10:25:16","guid":{"rendered":"https:\/\/schlossinsellauf.de\/?page_id=2418"},"modified":"2022-01-22T08:57:24","modified_gmt":"2022-01-22T07:57:24","slug":"parkplaetze","status":"publish","type":"page","link":"https:\/\/schlossinsellauf.de\/index.php\/informationen\/parkplaetze\/","title":{"rendered":"Parkpl\u00e4tze"},"content":{"rendered":"<h4>Geb\u00fchrenfrei Parken:<\/h4>\n<ul>\n<li>Unsere Empfehlung: <a href=\"https:\/\/goo.gl\/maps\/L253M5RRYXmDUK396\" target=\"_blank\" rel=\"noopener noreferrer\">Cottbusser Stra\u00dfe\/ Am Burglehn<\/a> &#8211; H\u00f6he Campingplatz<br \/>\n(Zugang dann \u00fcber die Spreelagune ca. 3 Gehminuten!)<br \/>\n(mit <strong>Elektroladestelle<\/strong> f\u00fcr E-Autos)<\/li>\n<li><a href=\"https:\/\/goo.gl\/maps\/tVVkuDhCUKvYTNr87\" target=\"_blank\" rel=\"noopener noreferrer\">Innenstadt L\u00fcbben<\/a> oder <a href=\"https:\/\/goo.gl\/maps\/grxB9bD6jbZEZPjCA\" target=\"_blank\" rel=\"noopener noreferrer\">Parkplatz neben der Feuerwache L\u00fcbben &#8222;Am Kleinen Hain&#8220;<\/a> (5-10 Gehminuten)<\/li>\n<\/ul>\n<h4>Geb\u00fchrenpflichtig Parken:<\/h4>\n<ul>\n<li>Kreisverkehr <a href=\"https:\/\/goo.gl\/maps\/ahVkQ8XidihHyMMW6\" target=\"_blank\" rel=\"noopener noreferrer\">Parkplatz Lindenstra\u00dfe<\/a> (mit <strong>Elektroladestelle<\/strong> f\u00fcr E-Autos)<\/li>\n<li><a href=\"https:\/\/goo.gl\/maps\/xRv2ndUfUPco4J7B8\" target=\"_blank\" rel=\"noopener noreferrer\">Ernst-von-Houwald-Damm<\/a> gegen\u00fcber der Schlossinsel<\/li>\n<\/ul>\n<div id=\"attachment_2547\" style=\"width: 710px\" class=\"wp-caption aligncenter\"><a href=\"https:\/\/schlossinsellauf.de\/wp-content\/uploads\/2019\/12\/parken-schlossinsellauf.jpg\"><img loading=\"lazy\" decoding=\"async\" aria-describedby=\"caption-attachment-2547\" class=\"wp-image-2547 size-full\" title=\"Parkpl\u00e4tze L\u00fcbben\" src=\"https:\/\/schlossinsellauf.de\/wp-content\/uploads\/2019\/12\/parken-schlossinsellauf.jpg\" alt=\"Karte Parkpl\u00e4tze L\u00fcbben\" width=\"700\" height=\"620\" srcset=\"https:\/\/schlossinsellauf.de\/wp-content\/uploads\/2019\/12\/parken-schlossinsellauf.jpg 700w, https:\/\/schlossinsellauf.de\/wp-content\/uploads\/2019\/12\/parken-schlossinsellauf-300x266.jpg 300w\" sizes=\"auto, (max-width: 700px) 100vw, 700px\" \/><\/a><p id=\"caption-attachment-2547\" class=\"wp-caption-text\">Parkpl\u00e4tze L\u00fcbben rund um die Schlossinsel<\/p><\/div>\n","protected":false},"excerpt":{"rendered":"<p>Geb\u00fchrenfrei Parken: Unsere Empfehlung: Cottbusser Stra\u00dfe\/ Am Burglehn &#8211; H\u00f6he Campingplatz (Zugang dann \u00fcber die Spreelagune ca. 3 Gehminuten!) (mit Elektroladestelle f\u00fcr E-Autos) Innenstadt L\u00fcbben oder Parkplatz neben der Feuerwache L\u00fcbben &#8222;Am Kleinen Hain&#8220; (5-10 Gehminuten) Geb\u00fchrenpflichtig Parken: Kreisverkehr Parkplatz Lindenstra\u00dfe (mit Elektroladestelle f\u00fcr E-Autos) Ernst-von-Houwald-Damm gegen\u00fcber der Schlossinsel<\/p>\n","protected":false},"author":2,"featured_media":2433,"parent":812,"menu_order":0,"comment_status":"closed","ping_status":"closed","template":"","meta":{"ngg_post_thumbnail":0,"footnotes":"","_links_to":"","_links_to_target":""},"class_list":["post-2418","page","type-page","status-publish","has-post-thumbnail","hentry"],"_links":{"self":[{"href":"https:\/\/schlossinsellauf.de\/index.php\/wp-json\/wp\/v2\/pages\/2418","targetHints":{"allow":["GET"]}}],"collection":[{"href":"https:\/\/schlossinsellauf.de\/index.php\/wp-json\/wp\/v2\/pages"}],"about":[{"href":"https:\/\/schlossinsellauf.de\/index.php\/wp-json\/wp\/v2\/types\/page"}],"author":[{"embeddable":true,"href":"https:\/\/schlossinsellauf.de\/index.php\/wp-json\/wp\/v2\/users\/2"}],"replies":[{"embeddable":true,"href":"https:\/\/schlossinsellauf.de\/index.php\/wp-json\/wp\/v2\/comments?post=2418"}],"version-history":[{"count":4,"href":"https:\/\/schlossinsellauf.de\/index.php\/wp-json\/wp\/v2\/pages\/2418\/revisions"}],"predecessor-version":[{"id":3161,"href":"https:\/\/schlossinsellauf.de\/index.php\/wp-json\/wp\/v2\/pages\/2418\/revisions\/3161"}],"up":[{"embeddable":true,"href":"https:\/\/schlossinsellauf.de\/index.php\/wp-json\/wp\/v2\/pages\/812"}],"wp:featuredmedia":[{"embeddable":true,"href":"https:\/\/schlossinsellauf.de\/index.php\/wp-json\/wp\/v2\/media\/2433"}],"wp:attachment":[{"href":"https:\/\/schlossinsellauf.de\/index.php\/wp-json\/wp\/v2\/media?parent=2418"}],"curies":[{"name":"wp","href":"https:\/\/api.w.org\/{rel}","templated":true}]}}