{"id":2420,"date":"2019-11-30T19:02:47","date_gmt":"2019-11-30T18:02:47","guid":{"rendered":"https:\/\/schlossinsellauf.de\/?page_id=2420"},"modified":"2019-12-28T11:59:25","modified_gmt":"2019-12-28T10:59:25","slug":"toiletten","status":"publish","type":"page","link":"https:\/\/schlossinsellauf.de\/index.php\/informationen\/toiletten\/","title":{"rendered":"Toiletten"},"content":{"rendered":"<ul>\n<li>Touristeninfo<\/li>\n<li>direkt auf der Schlossinsel am Start Zielbereich am Wasserspielplatz<\/li>\n<li>diverse Dixitoiletten auf dem Veranstaltungsgel\u00e4nde (Die Dinger geh\u00f6ren irgendwie dazu!)<\/li>\n<li>Spreewaldcamping L\u00fcbben<\/li>\n<li>Sanit\u00e4rgeb\u00e4ude Spreelagunge<\/li>\n<\/ul>\n","protected":false},"excerpt":{"rendered":"<p>Touristeninfo direkt auf der Schlossinsel am Start Zielbereich am Wasserspielplatz diverse Dixitoiletten auf dem Veranstaltungsgel\u00e4nde (Die Dinger geh\u00f6ren irgendwie dazu!) Spreewaldcamping L\u00fcbben Sanit\u00e4rgeb\u00e4ude Spreelagunge<\/p>\n","protected":false},"author":2,"featured_media":2462,"parent":812,"menu_order":0,"comment_status":"closed","ping_status":"closed","template":"","meta":{"ngg_post_thumbnail":0,"footnotes":"","_links_to":"","_links_to_target":""},"class_list":["post-2420","page","type-page","status-publish","has-post-thumbnail","hentry"],"_links":{"self":[{"href":"https:\/\/schlossinsellauf.de\/index.php\/wp-json\/wp\/v2\/pages\/2420","targetHints":{"allow":["GET"]}}],"collection":[{"href":"https:\/\/schlossinsellauf.de\/index.php\/wp-json\/wp\/v2\/pages"}],"about":[{"href":"https:\/\/schlossinsellauf.de\/index.php\/wp-json\/wp\/v2\/types\/page"}],"author":[{"embeddable":true,"href":"https:\/\/schlossinsellauf.de\/index.php\/wp-json\/wp\/v2\/users\/2"}],"replies":[{"embeddable":true,"href":"https:\/\/schlossinsellauf.de\/index.php\/wp-json\/wp\/v2\/comments?post=2420"}],"version-history":[{"count":1,"href":"https:\/\/schlossinsellauf.de\/index.php\/wp-json\/wp\/v2\/pages\/2420\/revisions"}],"predecessor-version":[{"id":2421,"href":"https:\/\/schlossinsellauf.de\/index.php\/wp-json\/wp\/v2\/pages\/2420\/revisions\/2421"}],"up":[{"embeddable":true,"href":"https:\/\/schlossinsellauf.de\/index.php\/wp-json\/wp\/v2\/pages\/812"}],"wp:featuredmedia":[{"embeddable":true,"href":"https:\/\/schlossinsellauf.de\/index.php\/wp-json\/wp\/v2\/media\/2462"}],"wp:attachment":[{"href":"https:\/\/schlossinsellauf.de\/index.php\/wp-json\/wp\/v2\/media?parent=2420"}],"curies":[{"name":"wp","href":"https:\/\/api.w.org\/{rel}","templated":true}]}}