{"id":2422,"date":"2019-11-30T20:25:00","date_gmt":"2019-11-30T19:25:00","guid":{"rendered":"https:\/\/schlossinsellauf.de\/?page_id=2422"},"modified":"2026-01-17T16:14:42","modified_gmt":"2026-01-17T15:14:42","slug":"umkleide-gadroben-duschen","status":"publish","type":"page","link":"https:\/\/schlossinsellauf.de\/index.php\/informationen\/umkleide-gadroben-duschen\/","title":{"rendered":"Umkleide, Gadroben, Duschen"},"content":{"rendered":"<p>Direkt auf dem Veranstaltungsgel\u00e4nde der Schlossinsel werden keine Umkleidem\u00f6glichkeiten zur Verf\u00fcgung stehen.<\/p>\n<p>Taschen k\u00f6nnen an der Garderobe abgegeben werden. Wir \u00fcbernehmen f\u00fcr diesen kostenfreien Service keine Haftung!<\/p>\n<p>Auf dem Campingplatz (3 Minuten Gehzeit) unmittelbar an der Spreelagune kann KOSTENFREI der Sanit\u00e4rtrakt genutzt werden. Vielen Dank an <a href=\"https:\/\/www.spreewald-camping-luebben.de\/\" target=\"_blank\" rel=\"noopener noreferrer\">SPREEWALDCAMPING L\u00dcBBEN<\/a>!<\/p>\n","protected":false},"excerpt":{"rendered":"<p>Direkt auf dem Veranstaltungsgel\u00e4nde der Schlossinsel werden keine Umkleidem\u00f6glichkeiten zur Verf\u00fcgung stehen. Taschen k\u00f6nnen an der Garderobe abgegeben werden. Wir \u00fcbernehmen f\u00fcr diesen kostenfreien Service keine Haftung! Auf dem Campingplatz (3 Minuten Gehzeit) unmittelbar an der Spreelagune kann KOSTENFREI der Sanit\u00e4rtrakt genutzt werden. Vielen Dank an SPREEWALDCAMPING L\u00dcBBEN!<\/p>\n","protected":false},"author":2,"featured_media":2468,"parent":812,"menu_order":0,"comment_status":"closed","ping_status":"closed","template":"","meta":{"ngg_post_thumbnail":0,"footnotes":"","_links_to":"","_links_to_target":""},"class_list":["post-2422","page","type-page","status-publish","has-post-thumbnail","hentry"],"_links":{"self":[{"href":"https:\/\/schlossinsellauf.de\/index.php\/wp-json\/wp\/v2\/pages\/2422","targetHints":{"allow":["GET"]}}],"collection":[{"href":"https:\/\/schlossinsellauf.de\/index.php\/wp-json\/wp\/v2\/pages"}],"about":[{"href":"https:\/\/schlossinsellauf.de\/index.php\/wp-json\/wp\/v2\/types\/page"}],"author":[{"embeddable":true,"href":"https:\/\/schlossinsellauf.de\/index.php\/wp-json\/wp\/v2\/users\/2"}],"replies":[{"embeddable":true,"href":"https:\/\/schlossinsellauf.de\/index.php\/wp-json\/wp\/v2\/comments?post=2422"}],"version-history":[{"count":2,"href":"https:\/\/schlossinsellauf.de\/index.php\/wp-json\/wp\/v2\/pages\/2422\/revisions"}],"predecessor-version":[{"id":6005,"href":"https:\/\/schlossinsellauf.de\/index.php\/wp-json\/wp\/v2\/pages\/2422\/revisions\/6005"}],"up":[{"embeddable":true,"href":"https:\/\/schlossinsellauf.de\/index.php\/wp-json\/wp\/v2\/pages\/812"}],"wp:featuredmedia":[{"embeddable":true,"href":"https:\/\/schlossinsellauf.de\/index.php\/wp-json\/wp\/v2\/media\/2468"}],"wp:attachment":[{"href":"https:\/\/schlossinsellauf.de\/index.php\/wp-json\/wp\/v2\/media?parent=2422"}],"curies":[{"name":"wp","href":"https:\/\/api.w.org\/{rel}","templated":true}]}}