{"id":2428,"date":"2019-11-24T19:14:46","date_gmt":"2019-11-24T18:14:46","guid":{"rendered":"https:\/\/schlossinsellauf.de\/?page_id=2428"},"modified":"2019-12-28T11:59:50","modified_gmt":"2019-12-28T10:59:50","slug":"strassensperrungen","status":"publish","type":"page","link":"https:\/\/schlossinsellauf.de\/index.php\/informationen\/strassensperrungen\/","title":{"rendered":"Stra\u00dfensperrungen"},"content":{"rendered":"<p>Die <strong>Friedrich-Ludwig-Jahn-Stra\u00dfe<\/strong> wird in der Zeit <strong>von 11:00 bis 13:45 Uhr<\/strong> f\u00fcr den Flie\u00dfverkehr gesperrt werden.<\/p>\n<p>Im <strong>Bereich Dammstra\u00dfe und Postbautenstra\u00dfe<\/strong> wird es lediglich in der Zeit <strong>von 11:00 bis ca. 11:15 Uhr<\/strong> zu Sperrungen kommen.<\/p>\n<p>Alle Anwohner oder Touristen sind angehalten mit Fahrzeugen aller Art nur in Schrittgeschwindigkeit mit gr\u00f6\u00dfter Vorsicht sich in diesem Bereich zu bewegen.<\/p>\n<p>Das Stra\u00dfenverkehrsamt, die Polizei und das Ordnungsamt der Stadt L\u00fcbben setzen gemeinsam mit dem Veranstalter notwendige Ma\u00dfnahmen um.<\/p>\n<p>Die Schlossinsel ist jederzeit f\u00fcr alle Besucher zu erreichen. Wir w\u00fcrden uns \u00fcber eine gro\u00dfe Anzahl von Begleitern und Unterst\u00fctzern der L\u00e4ufer freuen.<\/p>\n<p>Wir bitten um Verst\u00e4ndnis f\u00fcr tempor\u00e4re Einschr\u00e4nkungen und ungewohnte Ger\u00e4uschentwicklungen w\u00e4hrend unserer Veranstaltung. Wir vom <a href=\"https:\/\/ev-grundschule-l\u00fcbben.de\/ueber-uns-grundschule-luebben.html\" target=\"_blank\" rel=\"noopener noreferrer\">Evangelischen Schulverein L\u00fcbben e. V.<\/a> wollen unsere Stadt mit diesem Projekt ein wenig bunter und bewegter machen.<\/p>\n","protected":false},"excerpt":{"rendered":"<p>Die Friedrich-Ludwig-Jahn-Stra\u00dfe wird in der Zeit von 11:00 bis 13:45 Uhr f\u00fcr den Flie\u00dfverkehr gesperrt werden. Im Bereich Dammstra\u00dfe und Postbautenstra\u00dfe wird es lediglich in der Zeit von 11:00 bis ca. 11:15 Uhr zu Sperrungen kommen. Alle Anwohner oder Touristen sind angehalten mit Fahrzeugen aller Art nur in Schrittgeschwindigkeit mit gr\u00f6\u00dfter Vorsicht sich in diesem Bereich zu bewegen. Das Stra\u00dfenverkehrsamt,<\/p>\n","protected":false},"author":2,"featured_media":2459,"parent":812,"menu_order":0,"comment_status":"closed","ping_status":"closed","template":"","meta":{"ngg_post_thumbnail":0,"footnotes":"","_links_to":"","_links_to_target":""},"class_list":["post-2428","page","type-page","status-publish","has-post-thumbnail","hentry"],"_links":{"self":[{"href":"https:\/\/schlossinsellauf.de\/index.php\/wp-json\/wp\/v2\/pages\/2428","targetHints":{"allow":["GET"]}}],"collection":[{"href":"https:\/\/schlossinsellauf.de\/index.php\/wp-json\/wp\/v2\/pages"}],"about":[{"href":"https:\/\/schlossinsellauf.de\/index.php\/wp-json\/wp\/v2\/types\/page"}],"author":[{"embeddable":true,"href":"https:\/\/schlossinsellauf.de\/index.php\/wp-json\/wp\/v2\/users\/2"}],"replies":[{"embeddable":true,"href":"https:\/\/schlossinsellauf.de\/index.php\/wp-json\/wp\/v2\/comments?post=2428"}],"version-history":[{"count":1,"href":"https:\/\/schlossinsellauf.de\/index.php\/wp-json\/wp\/v2\/pages\/2428\/revisions"}],"predecessor-version":[{"id":2429,"href":"https:\/\/schlossinsellauf.de\/index.php\/wp-json\/wp\/v2\/pages\/2428\/revisions\/2429"}],"up":[{"embeddable":true,"href":"https:\/\/schlossinsellauf.de\/index.php\/wp-json\/wp\/v2\/pages\/812"}],"wp:featuredmedia":[{"embeddable":true,"href":"https:\/\/schlossinsellauf.de\/index.php\/wp-json\/wp\/v2\/media\/2459"}],"wp:attachment":[{"href":"https:\/\/schlossinsellauf.de\/index.php\/wp-json\/wp\/v2\/media?parent=2428"}],"curies":[{"name":"wp","href":"https:\/\/api.w.org\/{rel}","templated":true}]}}