{"id":2701,"date":"2020-07-10T17:03:25","date_gmt":"2020-07-10T15:03:25","guid":{"rendered":"https:\/\/schlossinsellauf.de\/?page_id=2701"},"modified":"2022-05-02T19:25:11","modified_gmt":"2022-05-02T17:25:11","slug":"lauftipps","status":"publish","type":"page","link":"https:\/\/schlossinsellauf.de\/index.php\/lauftipps\/","title":{"rendered":"Lauftipps"},"content":{"rendered":"<p>Auf dieser Seite ver\u00f6ffentlichen wir in Form von weiterf\u00fchrenden Links Tipps und Ratschl\u00e4ge rund ums gesunde Laufen.<\/p>\n<ul>\n<li><a title=\"PDF-Datei mit Lauftipps vom DLV\" href=\"https:\/\/www.leichtathletik.de\/fileadmin\/user_upload\/ImportedAttachments\/Trafomat3\/2009\/20798_dlv_ratgeber_laufen_finale.pdf\" target=\"_blank\" rel=\"noopener noreferrer\">Lauftipps<\/a><\/li>\n<\/ul>\n","protected":false},"excerpt":{"rendered":"<p>Auf dieser Seite ver\u00f6ffentlichen wir in Form von weiterf\u00fchrenden Links Tipps und Ratschl\u00e4ge rund ums gesunde Laufen. Lauftipps<\/p>\n","protected":false},"author":2,"featured_media":2702,"parent":0,"menu_order":0,"comment_status":"closed","ping_status":"closed","template":"","meta":{"ngg_post_thumbnail":0,"footnotes":"","_links_to":"","_links_to_target":""},"class_list":["post-2701","page","type-page","status-publish","has-post-thumbnail","hentry"],"_links":{"self":[{"href":"https:\/\/schlossinsellauf.de\/index.php\/wp-json\/wp\/v2\/pages\/2701","targetHints":{"allow":["GET"]}}],"collection":[{"href":"https:\/\/schlossinsellauf.de\/index.php\/wp-json\/wp\/v2\/pages"}],"about":[{"href":"https:\/\/schlossinsellauf.de\/index.php\/wp-json\/wp\/v2\/types\/page"}],"author":[{"embeddable":true,"href":"https:\/\/schlossinsellauf.de\/index.php\/wp-json\/wp\/v2\/users\/2"}],"replies":[{"embeddable":true,"href":"https:\/\/schlossinsellauf.de\/index.php\/wp-json\/wp\/v2\/comments?post=2701"}],"version-history":[{"count":3,"href":"https:\/\/schlossinsellauf.de\/index.php\/wp-json\/wp\/v2\/pages\/2701\/revisions"}],"predecessor-version":[{"id":2705,"href":"https:\/\/schlossinsellauf.de\/index.php\/wp-json\/wp\/v2\/pages\/2701\/revisions\/2705"}],"wp:featuredmedia":[{"embeddable":true,"href":"https:\/\/schlossinsellauf.de\/index.php\/wp-json\/wp\/v2\/media\/2702"}],"wp:attachment":[{"href":"https:\/\/schlossinsellauf.de\/index.php\/wp-json\/wp\/v2\/media?parent=2701"}],"curies":[{"name":"wp","href":"https:\/\/api.w.org\/{rel}","templated":true}]}}