{"id":3150,"date":"2022-01-22T08:40:21","date_gmt":"2022-01-22T07:40:21","guid":{"rendered":"https:\/\/schlossinsellauf.de\/?page_id=3150"},"modified":"2024-06-30T11:32:41","modified_gmt":"2024-06-30T09:32:41","slug":"staerkster-verein","status":"publish","type":"page","link":"https:\/\/schlossinsellauf.de\/index.php\/strecken\/staerkster-verein\/","title":{"rendered":"Sonderwertung \u201eSt\u00e4rkster Verein\u201c &#8211; Schirmherr B\u00fcrgermeister der Stadt L\u00fcbben"},"content":{"rendered":"<p>Der <em>Schlossinsellauf L\u00fcbben<\/em> soll der gr\u00f6\u00dfte regionale Laufwettbewerb f\u00fcr Kinder und Jugendliche werden. Getreu dem Motto <em><strong>\u201eDabeisein ist alles!\u201c<\/strong><\/em> loben wir f\u00fcr den Schlossinsellauf im Jahr&nbsp;<strong>2026<\/strong> deshalb einen Schlossinsellaufpokal \u201e<em>St\u00e4rkster Verein<\/em>\u201c aus.<\/p>\n<p>Diesen Pokal und eine \u00dcberraschung der Stadt L\u00fcbben bekommt der Verein, der die meisten L\u00e4ufer bis einschlie\u00dflich Geburtsjahrgang [#3300M_BIS#] (Bambini bis U 18) ins Ziel bringt. Der zweit- und drittplatzierte Verein bekommt bei der Siegerehrung in dieser Wertung ebenfalls Sachpreise.<\/p>\n<p><strong><u>Bedingung:<\/u><\/strong> Die Starter m\u00fcssen f\u00fcr den jeweiligen Verein gemeldet sein, auf eine jeweils <u>exakt gleiche Schreibweise<\/u> des Vereins bei der Anmeldung ist zu achten!<\/p>\n<p>Vereinen empfehlen wir die Nutzung der <strong>Sammelanmeldung<\/strong> &#8211; so kann man viele Teilnehmer mit einem relativ geringen Aufwand anmelden.<\/p>\n","protected":false},"excerpt":{"rendered":"<p>Der Schlossinsellauf L\u00fcbben soll der gr\u00f6\u00dfte regionale Laufwettbewerb f\u00fcr Kinder und Jugendliche werden. Getreu dem Motto \u201eDabeisein ist alles!\u201c loben wir f\u00fcr den Schlossinsellauf im Jahr&nbsp;2026 deshalb einen Schlossinsellaufpokal \u201eSt\u00e4rkster Verein\u201c aus. Diesen Pokal und eine \u00dcberraschung der Stadt L\u00fcbben bekommt der Verein, der die meisten L\u00e4ufer bis einschlie\u00dflich Geburtsjahrgang [#3300M_BIS#] (Bambini bis U 18) ins Ziel bringt. Der zweit-<\/p>\n","protected":false},"author":2,"featured_media":563,"parent":20,"menu_order":0,"comment_status":"closed","ping_status":"closed","template":"","meta":{"ngg_post_thumbnail":0,"footnotes":"","_links_to":"","_links_to_target":""},"class_list":["post-3150","page","type-page","status-publish","has-post-thumbnail","hentry"],"_links":{"self":[{"href":"https:\/\/schlossinsellauf.de\/index.php\/wp-json\/wp\/v2\/pages\/3150","targetHints":{"allow":["GET"]}}],"collection":[{"href":"https:\/\/schlossinsellauf.de\/index.php\/wp-json\/wp\/v2\/pages"}],"about":[{"href":"https:\/\/schlossinsellauf.de\/index.php\/wp-json\/wp\/v2\/types\/page"}],"author":[{"embeddable":true,"href":"https:\/\/schlossinsellauf.de\/index.php\/wp-json\/wp\/v2\/users\/2"}],"replies":[{"embeddable":true,"href":"https:\/\/schlossinsellauf.de\/index.php\/wp-json\/wp\/v2\/comments?post=3150"}],"version-history":[{"count":6,"href":"https:\/\/schlossinsellauf.de\/index.php\/wp-json\/wp\/v2\/pages\/3150\/revisions"}],"predecessor-version":[{"id":5326,"href":"https:\/\/schlossinsellauf.de\/index.php\/wp-json\/wp\/v2\/pages\/3150\/revisions\/5326"}],"up":[{"embeddable":true,"href":"https:\/\/schlossinsellauf.de\/index.php\/wp-json\/wp\/v2\/pages\/20"}],"wp:featuredmedia":[{"embeddable":true,"href":"https:\/\/schlossinsellauf.de\/index.php\/wp-json\/wp\/v2\/media\/563"}],"wp:attachment":[{"href":"https:\/\/schlossinsellauf.de\/index.php\/wp-json\/wp\/v2\/media?parent=3150"}],"curies":[{"name":"wp","href":"https:\/\/api.w.org\/{rel}","templated":true}]}}