{"id":331,"date":"2017-11-01T20:26:40","date_gmt":"2017-11-01T19:26:40","guid":{"rendered":"https:\/\/schlossinsellauf.de\/?page_id=331"},"modified":"2026-01-25T17:18:43","modified_gmt":"2026-01-25T16:18:43","slug":"2000-meter-kinderlauf-u12-und-u14","status":"publish","type":"page","link":"https:\/\/schlossinsellauf.de\/index.php\/strecken\/2000-meter-kinderlauf-u12-und-u14\/","title":{"rendered":"2200 Meter Kinderlauf (U12 bis U18)"},"content":{"rendered":"<h3>Die Schlossinselrunde<\/h3>\n<p>Die F\u00fcnfhundert \u2013 Meter &#8211; Runde startet auf dem Hauptweg in Richtung Br\u00fccke \u00fcber den Umflutkanal, hier jedoch vorbei und \u00fcber die Br\u00fccke am Wasserspielplatz rechts am Klanggarten und dem Labyrinth entlang umlaufen alle Teilnehmer weiter die gro\u00dfe Wiese \u00fcber eine weitere Br\u00fccke, schlie\u00dflich links vorbei am Abenteuerspielplatz haben sie das Ziel vor Augen. Diese kurzweilige Runde ohne Hindernisse, aber vielen Kurven bietet dem L\u00e4ufer auch beim mehrmaligen Durchlaufen extremen Spa\u00df. Von der zentralen Wiese aus k\u00f6nnen die Zuschauer die L\u00e4ufer mehrmals beobachten und anfeuern.<br \/>\nDie Wege der L\u00fcbbener Schlossinsel sind alle auf unterschiedliche Weisen befestigt, bieten somit beste Voraussetzungen f\u00fcr alle Teilnehmer.<\/p>\n<p><center><br \/>\n<iframe loading=\"lazy\" src=\"https:\/\/www.google.com\/maps\/d\/embed?mid=1WDXmOTl_5YxepoQaki0sEJNyt1s\" width=\"640\" height=\"480\"><\/iframe><\/center><\/p>\n<h3>2200 Meter Kinderlauf &#8211; U12 bis U18<\/h3>\n<p>Vier Schlossinselrunden gilt es f\u00fcr die Jahrg\u00e4nge 2016 bis 2009 abzulaufen.<\/p>\n<p>Es finden Ehrungen mit Sachpreisen f\u00fcr die besten drei in den Altersklassen U12 bis U18 jeweils nat\u00fcrlich f\u00fcr die M\u00e4dchen und Jungen statt. Die Erste und der Erste bekommt jeweils den <strong>Schlossinsellaufpokal<\/strong> in seiner Altersklasse.<\/p>\n<p>Alle Teilnehmer\/innen erhalten im Ziel eine <strong>Urkunde<\/strong>, eine <strong>Medaille<\/strong> und den <strong>Finisherbeutel<\/strong>.<\/p>\n<p><a href=\"https:\/\/schlossinsellauf.de\/index.php\/anmeldung\/\">zur Anmeldung<\/a><\/p>\n","protected":false},"excerpt":{"rendered":"<p>Die Schlossinselrunde Die F\u00fcnfhundert \u2013 Meter &#8211; Runde startet auf dem Hauptweg in Richtung Br\u00fccke \u00fcber den Umflutkanal, hier jedoch vorbei und \u00fcber die Br\u00fccke am Wasserspielplatz rechts am Klanggarten und dem Labyrinth entlang umlaufen alle Teilnehmer weiter die gro\u00dfe Wiese \u00fcber eine weitere Br\u00fccke, schlie\u00dflich links vorbei am Abenteuerspielplatz haben sie das Ziel vor Augen. Diese kurzweilige Runde ohne<\/p>\n","protected":false},"author":2,"featured_media":1646,"parent":20,"menu_order":5,"comment_status":"closed","ping_status":"closed","template":"","meta":{"ngg_post_thumbnail":0,"footnotes":"","_links_to":"","_links_to_target":""},"class_list":["post-331","page","type-page","status-publish","has-post-thumbnail","hentry"],"_links":{"self":[{"href":"https:\/\/schlossinsellauf.de\/index.php\/wp-json\/wp\/v2\/pages\/331","targetHints":{"allow":["GET"]}}],"collection":[{"href":"https:\/\/schlossinsellauf.de\/index.php\/wp-json\/wp\/v2\/pages"}],"about":[{"href":"https:\/\/schlossinsellauf.de\/index.php\/wp-json\/wp\/v2\/types\/page"}],"author":[{"embeddable":true,"href":"https:\/\/schlossinsellauf.de\/index.php\/wp-json\/wp\/v2\/users\/2"}],"replies":[{"embeddable":true,"href":"https:\/\/schlossinsellauf.de\/index.php\/wp-json\/wp\/v2\/comments?post=331"}],"version-history":[{"count":12,"href":"https:\/\/schlossinsellauf.de\/index.php\/wp-json\/wp\/v2\/pages\/331\/revisions"}],"predecessor-version":[{"id":6024,"href":"https:\/\/schlossinsellauf.de\/index.php\/wp-json\/wp\/v2\/pages\/331\/revisions\/6024"}],"up":[{"embeddable":true,"href":"https:\/\/schlossinsellauf.de\/index.php\/wp-json\/wp\/v2\/pages\/20"}],"wp:featuredmedia":[{"embeddable":true,"href":"https:\/\/schlossinsellauf.de\/index.php\/wp-json\/wp\/v2\/media\/1646"}],"wp:attachment":[{"href":"https:\/\/schlossinsellauf.de\/index.php\/wp-json\/wp\/v2\/media?parent=331"}],"curies":[{"name":"wp","href":"https:\/\/api.w.org\/{rel}","templated":true}]}}