{"id":5,"date":"2017-07-30T14:50:58","date_gmt":"2017-07-30T12:50:58","guid":{"rendered":"https:\/\/schlossinsellauf.de\/?page_id=5"},"modified":"2024-04-13T14:09:40","modified_gmt":"2024-04-13T12:09:40","slug":"home","status":"publish","type":"page","link":"https:\/\/schlossinsellauf.de\/","title":{"rendered":"Home"},"content":{"rendered":"<div align=\"center\">\n<h1 align=\"center\"><strong><span style=\"color: black;\">Schlossinsellauf L\u00fcbben<\/span><\/strong><\/h1>\n<p>Der Lauf f\u00fcr Kinder, Jugendliche und Erwachsene auf der Schlossinsel in der sch\u00f6nen Spreewald-Stadt L\u00fcbben.\n<\/p><\/div>\n","protected":false},"excerpt":{"rendered":"<p>Schlossinsellauf L\u00fcbben Der Lauf f\u00fcr Kinder, Jugendliche und Erwachsene auf der Schlossinsel in der sch\u00f6nen Spreewald-Stadt L\u00fcbben.<\/p>\n","protected":false},"author":1,"featured_media":0,"parent":0,"menu_order":1,"comment_status":"closed","ping_status":"closed","template":"template-frontpage.php","meta":{"ngg_post_thumbnail":0,"footnotes":"","_links_to":"","_links_to_target":""},"class_list":["post-5","page","type-page","status-publish","hentry"],"_links":{"self":[{"href":"https:\/\/schlossinsellauf.de\/index.php\/wp-json\/wp\/v2\/pages\/5","targetHints":{"allow":["GET"]}}],"collection":[{"href":"https:\/\/schlossinsellauf.de\/index.php\/wp-json\/wp\/v2\/pages"}],"about":[{"href":"https:\/\/schlossinsellauf.de\/index.php\/wp-json\/wp\/v2\/types\/page"}],"author":[{"embeddable":true,"href":"https:\/\/schlossinsellauf.de\/index.php\/wp-json\/wp\/v2\/users\/1"}],"replies":[{"embeddable":true,"href":"https:\/\/schlossinsellauf.de\/index.php\/wp-json\/wp\/v2\/comments?post=5"}],"version-history":[{"count":3,"href":"https:\/\/schlossinsellauf.de\/index.php\/wp-json\/wp\/v2\/pages\/5\/revisions"}],"predecessor-version":[{"id":4359,"href":"https:\/\/schlossinsellauf.de\/index.php\/wp-json\/wp\/v2\/pages\/5\/revisions\/4359"}],"wp:attachment":[{"href":"https:\/\/schlossinsellauf.de\/index.php\/wp-json\/wp\/v2\/media?parent=5"}],"curies":[{"name":"wp","href":"https:\/\/api.w.org\/{rel}","templated":true}]}}